{"id":28,"date":"2020-01-17T15:26:04","date_gmt":"2020-01-17T15:26:04","guid":{"rendered":"https:\/\/demo.themeisle.com\/neve-web-agency\/?page_id=28"},"modified":"2020-05-07T11:03:50","modified_gmt":"2020-05-07T11:03:50","slug":"300f0-about","status":"publish","type":"page","link":"https:\/\/rantasalmenhautauspalvelu.fi\/?page_id=28","title":{"rendered":"About Us"},"content":{"rendered":"\t\t<div data-elementor-type=\"wp-page\" data-elementor-id=\"28\" class=\"elementor elementor-28\">\n\t\t\t\t\t\t<section class=\"elementor-section elementor-top-section elementor-element elementor-element-d58ea62 elementor-section-boxed elementor-section-height-default elementor-section-height-default\" data-id=\"d58ea62\" data-element_type=\"section\">\n\t\t\t\t\t\t<div class=\"elementor-container elementor-column-gap-default\">\n\t\t\t\t\t<div class=\"elementor-column elementor-col-100 elementor-top-column elementor-element elementor-element-978314f\" data-id=\"978314f\" data-element_type=\"column\">\n\t\t\t<div class=\"elementor-widget-wrap elementor-element-populated\">\n\t\t\t\t\t\t<div class=\"elementor-element elementor-element-fe4411c elementor-widget elementor-widget-heading\" data-id=\"fe4411c\" data-element_type=\"widget\" data-widget_type=\"heading.default\">\n\t\t\t\t<div class=\"elementor-widget-container\">\n\t\t\t\t\t<h1 class=\"elementor-heading-title elementor-size-default\">Palvelumme<\/h1>\t\t\t\t<\/div>\n\t\t\t\t<\/div>\n\t\t\t\t\t<\/div>\n\t\t<\/div>\n\t\t\t\t\t<\/div>\n\t\t<\/section>\n\t\t\t\t<section class=\"elementor-section elementor-top-section elementor-element elementor-element-4ed9eb4 elementor-section-boxed elementor-section-height-default elementor-section-height-default\" data-id=\"4ed9eb4\" data-element_type=\"section\">\n\t\t\t\t\t\t<div class=\"elementor-container elementor-column-gap-default\">\n\t\t\t\t\t<div class=\"elementor-column elementor-col-100 elementor-top-column elementor-element elementor-element-f6fcdde\" data-id=\"f6fcdde\" data-element_type=\"column\">\n\t\t\t<div class=\"elementor-widget-wrap elementor-element-populated\">\n\t\t\t\t\t\t<section class=\"elementor-section elementor-inner-section elementor-element elementor-element-de26b0c elementor-section-boxed elementor-section-height-default elementor-section-height-default\" data-id=\"de26b0c\" data-element_type=\"section\">\n\t\t\t\t\t\t<div class=\"elementor-container elementor-column-gap-default\">\n\t\t\t\t\t<div class=\"elementor-column elementor-col-50 elementor-inner-column elementor-element elementor-element-cbe7bfc\" data-id=\"cbe7bfc\" data-element_type=\"column\">\n\t\t\t<div class=\"elementor-widget-wrap elementor-element-populated\">\n\t\t\t\t\t\t<div class=\"elementor-element elementor-element-769ab7d elementor-widget elementor-widget-image\" data-id=\"769ab7d\" data-element_type=\"widget\" data-widget_type=\"image.default\">\n\t\t\t\t<div class=\"elementor-widget-container\">\n\t\t\t\t\t\t\t\t\t\t\t\t\t\t\t<img fetchpriority=\"high\" decoding=\"async\" width=\"200\" height=\"300\" src=\"https:\/\/rantasalmenhautauspalvelu.fi\/wp-content\/uploads\/2020\/05\/Nimet\u00f6n-4-1-200x300.jpg\" class=\"attachment-medium size-medium wp-image-139\" alt=\"\" srcset=\"https:\/\/rantasalmenhautauspalvelu.fi\/wp-content\/uploads\/2020\/05\/Nimet\u00f6n-4-1-200x300.jpg 200w, https:\/\/rantasalmenhautauspalvelu.fi\/wp-content\/uploads\/2020\/05\/Nimet\u00f6n-4-1.jpg 400w\" sizes=\"(max-width: 200px) 100vw, 200px\" \/>\t\t\t\t\t\t\t\t\t\t\t\t\t\t\t<\/div>\n\t\t\t\t<\/div>\n\t\t\t\t<div class=\"elementor-element elementor-element-85eadb9 elementor-widget elementor-widget-heading\" data-id=\"85eadb9\" data-element_type=\"widget\" data-widget_type=\"heading.default\">\n\t\t\t\t<div class=\"elementor-widget-container\">\n\t\t\t\t\t<h2 class=\"elementor-heading-title elementor-size-default\">Hautauspalvelut<\/h2>\t\t\t\t<\/div>\n\t\t\t\t<\/div>\n\t\t\t\t<div class=\"elementor-element elementor-element-3a700ed elementor-widget elementor-widget-text-editor\" data-id=\"3a700ed\" data-element_type=\"widget\" data-widget_type=\"text-editor.default\">\n\t\t\t\t<div class=\"elementor-widget-container\">\n\t\t\t\t\t\t\t\t\t<p>Henkil\u00f6kohtainen, kiireet\u00f6n palvelu, vaikka kotiin tuotuna.&nbsp;<\/p><p>Meilt\u00e4 saat kaikki hautaustoimiston palvelut.&nbsp;Saatavilla my\u00f6s kuvauspalvelu hautajaistilaisuuteen.&nbsp;<\/p>\n<p>Voit vaikuttaa itse omiin hautausj\u00e4rjestelyihisi tekem\u00e4ll\u00e4 hautaustestamentin. Testamentti on juridisesti p\u00e4tev\u00e4 sopimus.&nbsp;<\/p>\n<p>Kattavasta arkku- ja uurnavalikoimastamme l\u00f6ytyy monen eri hintaluokan arkkuja ja uurnia, mm.&nbsp;<span style=\"text-decoration: underline;\"><a href=\"http:\/\/www.sht-tukku.fi\/katalogi.tmpl?sivu_id=330\" target=\"_blank\" rel=\"noopener\">SHT-Tukun<\/a><\/span>&nbsp;valikoimasta.<\/p>\t\t\t\t\t\t\t\t<\/div>\n\t\t\t\t<\/div>\n\t\t\t\t\t<\/div>\n\t\t<\/div>\n\t\t\t\t<div class=\"elementor-column elementor-col-50 elementor-inner-column elementor-element elementor-element-7b4bd8d\" data-id=\"7b4bd8d\" data-element_type=\"column\">\n\t\t\t<div class=\"elementor-widget-wrap elementor-element-populated\">\n\t\t\t\t\t\t<div class=\"elementor-element elementor-element-0b7dddc elementor-widget elementor-widget-image\" data-id=\"0b7dddc\" data-element_type=\"widget\" data-widget_type=\"image.default\">\n\t\t\t\t<div class=\"elementor-widget-container\">\n\t\t\t\t\t\t\t\t\t\t\t\t\t\t\t<img decoding=\"async\" width=\"201\" height=\"300\" src=\"https:\/\/rantasalmenhautauspalvelu.fi\/wp-content\/uploads\/2020\/05\/vihko2016_9-201x300.jpg\" class=\"attachment-medium size-medium wp-image-79\" alt=\"\" srcset=\"https:\/\/rantasalmenhautauspalvelu.fi\/wp-content\/uploads\/2020\/05\/vihko2016_9-201x300.jpg 201w, https:\/\/rantasalmenhautauspalvelu.fi\/wp-content\/uploads\/2020\/05\/vihko2016_9.jpg 401w\" sizes=\"(max-width: 201px) 100vw, 201px\" \/>\t\t\t\t\t\t\t\t\t\t\t\t\t\t\t<\/div>\n\t\t\t\t<\/div>\n\t\t\t\t<div class=\"elementor-element elementor-element-6d91ec6 elementor-widget elementor-widget-heading\" data-id=\"6d91ec6\" data-element_type=\"widget\" data-widget_type=\"heading.default\">\n\t\t\t\t<div class=\"elementor-widget-container\">\n\t\t\t\t\t<h2 class=\"elementor-heading-title elementor-size-default\">Surusidonnat<\/h2>\t\t\t\t<\/div>\n\t\t\t\t<\/div>\n\t\t\t\t<div class=\"elementor-element elementor-element-dd54cb7 elementor-widget elementor-widget-text-editor\" data-id=\"dd54cb7\" data-element_type=\"widget\" data-widget_type=\"text-editor.default\">\n\t\t\t\t<div class=\"elementor-widget-container\">\n\t\t\t\t\t\t\t\t\t<p>Surusidonnat toteutetaan aina asiakkaan toiveiden mukaisesti.\u00a0<br \/>Hinta m\u00e4\u00e4r\u00e4ytyy k\u00e4ytettyjen kukkien lajin ja m\u00e4\u00e4r\u00e4n mukaan.<\/p><p>Esimerkkej\u00e4 surusidonnoista l\u00f6yd\u00e4t\u00a0<span style=\"text-decoration: underline;\"><a href=\"https:\/\/rantasalmenhautauspalvelu.fi\/?page_id=31\">galleria<\/a><\/span>-sivultamme.<\/p><p>Hinnat alkaen 60 \u20ac.<\/p>\t\t\t\t\t\t\t\t<\/div>\n\t\t\t\t<\/div>\n\t\t\t\t\t<\/div>\n\t\t<\/div>\n\t\t\t\t\t<\/div>\n\t\t<\/section>\n\t\t\t\t\t<\/div>\n\t\t<\/div>\n\t\t\t\t\t<\/div>\n\t\t<\/section>\n\t\t\t\t<section class=\"elementor-section elementor-top-section elementor-element elementor-element-d5ecae3 elementor-section-boxed elementor-section-height-default elementor-section-height-default\" data-id=\"d5ecae3\" data-element_type=\"section\">\n\t\t\t\t\t\t<div class=\"elementor-container elementor-column-gap-default\">\n\t\t\t\t\t<div class=\"elementor-column elementor-col-100 elementor-top-column elementor-element elementor-element-782a9f1\" data-id=\"782a9f1\" data-element_type=\"column\">\n\t\t\t<div class=\"elementor-widget-wrap elementor-element-populated\">\n\t\t\t\t\t\t<section class=\"elementor-section elementor-inner-section elementor-element elementor-element-61062c7 elementor-section-boxed elementor-section-height-default elementor-section-height-default\" data-id=\"61062c7\" data-element_type=\"section\">\n\t\t\t\t\t\t<div class=\"elementor-container elementor-column-gap-default\">\n\t\t\t\t\t<div class=\"elementor-column elementor-col-50 elementor-inner-column elementor-element elementor-element-89f9572\" data-id=\"89f9572\" data-element_type=\"column\">\n\t\t\t<div class=\"elementor-widget-wrap elementor-element-populated\">\n\t\t\t\t\t\t<div class=\"elementor-element elementor-element-cefba03 elementor-widget elementor-widget-image\" data-id=\"cefba03\" data-element_type=\"widget\" data-widget_type=\"image.default\">\n\t\t\t\t<div class=\"elementor-widget-container\">\n\t\t\t\t\t\t\t\t\t\t\t\t\t\t\t<img decoding=\"async\" width=\"225\" height=\"300\" src=\"https:\/\/rantasalmenhautauspalvelu.fi\/wp-content\/uploads\/2020\/05\/IMG_20200505_194011-225x300.jpg\" class=\"attachment-medium size-medium wp-image-71\" alt=\"\" srcset=\"https:\/\/rantasalmenhautauspalvelu.fi\/wp-content\/uploads\/2020\/05\/IMG_20200505_194011-225x300.jpg 225w, https:\/\/rantasalmenhautauspalvelu.fi\/wp-content\/uploads\/2020\/05\/IMG_20200505_194011-768x1024.jpg 768w, https:\/\/rantasalmenhautauspalvelu.fi\/wp-content\/uploads\/2020\/05\/IMG_20200505_194011-1152x1536.jpg 1152w, https:\/\/rantasalmenhautauspalvelu.fi\/wp-content\/uploads\/2020\/05\/IMG_20200505_194011-1536x2048.jpg 1536w, https:\/\/rantasalmenhautauspalvelu.fi\/wp-content\/uploads\/2020\/05\/IMG_20200505_194011-scaled.jpg 1920w\" sizes=\"(max-width: 225px) 100vw, 225px\" \/>\t\t\t\t\t\t\t\t\t\t\t\t\t\t\t<\/div>\n\t\t\t\t<\/div>\n\t\t\t\t<div class=\"elementor-element elementor-element-4ab3e39 elementor-widget elementor-widget-heading\" data-id=\"4ab3e39\" data-element_type=\"widget\" data-widget_type=\"heading.default\">\n\t\t\t\t<div class=\"elementor-widget-container\">\n\t\t\t\t\t<h2 class=\"elementor-heading-title elementor-size-default\">Leikkokukat, kauden kukat, viherkasvit..<\/h2>\t\t\t\t<\/div>\n\t\t\t\t<\/div>\n\t\t\t\t<div class=\"elementor-element elementor-element-0d7d309 elementor-widget elementor-widget-text-editor\" data-id=\"0d7d309\" data-element_type=\"widget\" data-widget_type=\"text-editor.default\">\n\t\t\t\t<div class=\"elementor-widget-container\">\n\t\t\t\t\t\t\t\t\t<p>L\u00f6yd\u00e4t kauden kukat (amppelit, orvokit, joulukukat ym.), monipuoliset leikkokukat ja erilaiset vihrekasvit liikkeest\u00e4mme kilpailukykyiseen hintaan.<\/p>\t\t\t\t\t\t\t\t<\/div>\n\t\t\t\t<\/div>\n\t\t\t\t\t<\/div>\n\t\t<\/div>\n\t\t\t\t<div class=\"elementor-column elementor-col-50 elementor-inner-column elementor-element elementor-element-9bc3abb\" data-id=\"9bc3abb\" data-element_type=\"column\">\n\t\t\t<div class=\"elementor-widget-wrap elementor-element-populated\">\n\t\t\t\t\t\t<div class=\"elementor-element elementor-element-aa85067 elementor-widget elementor-widget-image\" data-id=\"aa85067\" data-element_type=\"widget\" data-widget_type=\"image.default\">\n\t\t\t\t<div class=\"elementor-widget-container\">\n\t\t\t\t\t\t\t\t\t\t\t\t\t\t\t<img loading=\"lazy\" decoding=\"async\" width=\"200\" height=\"300\" src=\"https:\/\/rantasalmenhautauspalvelu.fi\/wp-content\/uploads\/2020\/05\/94067048_1622703064543524_177176313017139200_n-200x300.jpg\" class=\"attachment-medium size-medium wp-image-44\" alt=\"\" srcset=\"https:\/\/rantasalmenhautauspalvelu.fi\/wp-content\/uploads\/2020\/05\/94067048_1622703064543524_177176313017139200_n-200x300.jpg 200w, https:\/\/rantasalmenhautauspalvelu.fi\/wp-content\/uploads\/2020\/05\/94067048_1622703064543524_177176313017139200_n.jpg 400w\" sizes=\"(max-width: 200px) 100vw, 200px\" \/>\t\t\t\t\t\t\t\t\t\t\t\t\t\t\t<\/div>\n\t\t\t\t<\/div>\n\t\t\t\t<div class=\"elementor-element elementor-element-7a064a9 elementor-widget elementor-widget-heading\" data-id=\"7a064a9\" data-element_type=\"widget\" data-widget_type=\"heading.default\">\n\t\t\t\t<div class=\"elementor-widget-container\">\n\t\t\t\t\t<h2 class=\"elementor-heading-title elementor-size-default\">Kukkasidonnat<\/h2>\t\t\t\t<\/div>\n\t\t\t\t<\/div>\n\t\t\t\t<div class=\"elementor-element elementor-element-e268a86 elementor-widget elementor-widget-text-editor\" data-id=\"e268a86\" data-element_type=\"widget\" data-widget_type=\"text-editor.default\">\n\t\t\t\t<div class=\"elementor-widget-container\">\n\t\t\t\t\t\t\t\t\t<p>Kukkasidontapalvelut kaikkiin el\u00e4m\u00e4ntilanteisiin.<br \/>Kukkav\u00e4lityspalvelut ymp\u00e4ri Suomen.<\/p>\t\t\t\t\t\t\t\t<\/div>\n\t\t\t\t<\/div>\n\t\t\t\t\t<\/div>\n\t\t<\/div>\n\t\t\t\t\t<\/div>\n\t\t<\/section>\n\t\t\t\t<section class=\"elementor-section elementor-inner-section elementor-element elementor-element-f157af2 elementor-section-boxed elementor-section-height-default elementor-section-height-default\" data-id=\"f157af2\" data-element_type=\"section\">\n\t\t\t\t\t\t<div class=\"elementor-container elementor-column-gap-default\">\n\t\t\t\t\t<div class=\"elementor-column elementor-col-50 elementor-inner-column elementor-element elementor-element-3b43f14\" data-id=\"3b43f14\" data-element_type=\"column\">\n\t\t\t<div class=\"elementor-widget-wrap elementor-element-populated\">\n\t\t\t\t\t\t<div class=\"elementor-element elementor-element-4b56268 elementor-widget elementor-widget-heading\" data-id=\"4b56268\" data-element_type=\"widget\" data-widget_type=\"heading.default\">\n\t\t\t\t<div class=\"elementor-widget-container\">\n\t\t\t\t\t<h2 class=\"elementor-heading-title elementor-size-default\">Adressit ja kortit<\/h2>\t\t\t\t<\/div>\n\t\t\t\t<\/div>\n\t\t\t\t<div class=\"elementor-element elementor-element-ad926ab elementor-widget elementor-widget-text-editor\" data-id=\"ad926ab\" data-element_type=\"widget\" data-widget_type=\"text-editor.default\">\n\t\t\t\t<div class=\"elementor-widget-container\">\n\t\t\t\t\t\t\t\t\t<p>Meilt\u00e4 l\u00f6yd\u00e4t erilaiset adressit ja kortit, niin juhlaan kuin suruunkin. <br \/><br \/>Toimitamme adressit my\u00f6s siunaustilaisuuksiin (Rantasalmella paikan p\u00e4\u00e4lle, muille paikkakunnille postitse).<br \/><br \/>My\u00f6s oman tuotannon kortteja ja adresseja, tervetuloa tutustumaan!<\/p>\t\t\t\t\t\t\t\t<\/div>\n\t\t\t\t<\/div>\n\t\t\t\t\t<\/div>\n\t\t<\/div>\n\t\t\t\t<div class=\"elementor-column elementor-col-50 elementor-inner-column elementor-element elementor-element-4be2a50\" data-id=\"4be2a50\" data-element_type=\"column\">\n\t\t\t<div class=\"elementor-widget-wrap elementor-element-populated\">\n\t\t\t\t\t\t<div class=\"elementor-element elementor-element-f69adf8 elementor-widget elementor-widget-heading\" data-id=\"f69adf8\" data-element_type=\"widget\" data-widget_type=\"heading.default\">\n\t\t\t\t<div class=\"elementor-widget-container\">\n\t\t\t\t\t<h2 class=\"elementor-heading-title elementor-size-default\">Lahjatavarat<\/h2>\t\t\t\t<\/div>\n\t\t\t\t<\/div>\n\t\t\t\t<div class=\"elementor-element elementor-element-ed9a176 elementor-widget elementor-widget-text-editor\" data-id=\"ed9a176\" data-element_type=\"widget\" data-widget_type=\"text-editor.default\">\n\t\t\t\t<div class=\"elementor-widget-container\">\n\t\t\t\t\t\t\t\t\t<p>Valikoimissamme on my\u00f6s erilaisia lahjatavaroita.<\/p>\t\t\t\t\t\t\t\t<\/div>\n\t\t\t\t<\/div>\n\t\t\t\t\t<\/div>\n\t\t<\/div>\n\t\t\t\t\t<\/div>\n\t\t<\/section>\n\t\t\t\t\t<\/div>\n\t\t<\/div>\n\t\t\t\t\t<\/div>\n\t\t<\/section>\n\t\t\t\t<section class=\"elementor-section elementor-top-section elementor-element elementor-element-c2c03e4 elementor-section-boxed elementor-section-height-default elementor-section-height-default\" data-id=\"c2c03e4\" data-element_type=\"section\" data-settings=\"{&quot;background_background&quot;:&quot;classic&quot;}\">\n\t\t\t\t\t\t<div class=\"elementor-container elementor-column-gap-default\">\n\t\t\t\t\t<div class=\"elementor-column elementor-col-100 elementor-top-column elementor-element elementor-element-5fab186\" data-id=\"5fab186\" data-element_type=\"column\">\n\t\t\t<div class=\"elementor-widget-wrap elementor-element-populated\">\n\t\t\t\t\t\t<div class=\"elementor-element elementor-element-dd10668 elementor-widget elementor-widget-heading\" data-id=\"dd10668\" data-element_type=\"widget\" data-widget_type=\"heading.default\">\n\t\t\t\t<div class=\"elementor-widget-container\">\n\t\t\t\t\t<h2 class=\"elementor-heading-title elementor-size-default\">Ota yhteytt\u00e4!<\/h2>\t\t\t\t<\/div>\n\t\t\t\t<\/div>\n\t\t\t\t<div class=\"elementor-element elementor-element-642d3dc elementor-widget elementor-widget-text-editor\" data-id=\"642d3dc\" data-element_type=\"widget\" data-widget_type=\"text-editor.default\">\n\t\t\t\t<div class=\"elementor-widget-container\">\n\t\t\t\t\t\t\t\t\t<p>Puh. 0400 834 049<\/p><p>tuija(at)rantasalmenhautauspalvelu.fi<\/p>\t\t\t\t\t\t\t\t<\/div>\n\t\t\t\t<\/div>\n\t\t\t\t\t<\/div>\n\t\t<\/div>\n\t\t\t\t\t<\/div>\n\t\t<\/section>\n\t\t\t\t<\/div>\n\t\t","protected":false},"excerpt":{"rendered":"<p>Palvelumme Hautauspalvelut Henkil\u00f6kohtainen, kiireet\u00f6n palvelu, vaikka kotiin tuotuna.&nbsp; Meilt\u00e4 saat kaikki hautaustoimiston palvelut.&nbsp;Saatavilla my\u00f6s kuvauspalvelu hautajaistilaisuuteen.&nbsp; Voit vaikuttaa itse omiin hautausj\u00e4rjestelyihisi tekem\u00e4ll\u00e4 hautaustestamentin. Testamentti on juridisesti p\u00e4tev\u00e4 sopimus.&nbsp; Kattavasta arkku- ja uurnavalikoimastamme l\u00f6ytyy monen eri hintaluokan arkkuja ja uurnia, mm.&nbsp;SHT-Tukun&nbsp;valikoimasta. Surusidonnat Surusidonnat toteutetaan aina asiakkaan toiveiden mukaisesti.\u00a0Hinta m\u00e4\u00e4r\u00e4ytyy k\u00e4ytettyjen kukkien lajin ja m\u00e4\u00e4r\u00e4n mukaan. Esimerkkej\u00e4&hellip;&nbsp;<a href=\"https:\/\/rantasalmenhautauspalvelu.fi\/?page_id=28\" rel=\"bookmark\">Lue lis\u00e4\u00e4 &raquo;<span class=\"screen-reader-text\">About Us<\/span><\/a><\/p>\n","protected":false},"author":1,"featured_media":0,"parent":0,"menu_order":0,"comment_status":"closed","ping_status":"closed","template":"elementor_header_footer","meta":{"neve_meta_sidebar":"full-width","neve_meta_container":"","neve_meta_enable_content_width":"on","neve_meta_content_width":100,"neve_meta_title_alignment":"","neve_meta_author_avatar":"","neve_post_elements_order":"","neve_meta_disable_header":"","neve_meta_disable_footer":"","neve_meta_disable_title":"","footnotes":""},"class_list":["post-28","page","type-page","status-publish","hentry"],"_links":{"self":[{"href":"https:\/\/rantasalmenhautauspalvelu.fi\/index.php?rest_route=\/wp\/v2\/pages\/28","targetHints":{"allow":["GET"]}}],"collection":[{"href":"https:\/\/rantasalmenhautauspalvelu.fi\/index.php?rest_route=\/wp\/v2\/pages"}],"about":[{"href":"https:\/\/rantasalmenhautauspalvelu.fi\/index.php?rest_route=\/wp\/v2\/types\/page"}],"author":[{"embeddable":true,"href":"https:\/\/rantasalmenhautauspalvelu.fi\/index.php?rest_route=\/wp\/v2\/users\/1"}],"replies":[{"embeddable":true,"href":"https:\/\/rantasalmenhautauspalvelu.fi\/index.php?rest_route=%2Fwp%2Fv2%2Fcomments&post=28"}],"version-history":[{"count":12,"href":"https:\/\/rantasalmenhautauspalvelu.fi\/index.php?rest_route=\/wp\/v2\/pages\/28\/revisions"}],"predecessor-version":[{"id":146,"href":"https:\/\/rantasalmenhautauspalvelu.fi\/index.php?rest_route=\/wp\/v2\/pages\/28\/revisions\/146"}],"wp:attachment":[{"href":"https:\/\/rantasalmenhautauspalvelu.fi\/index.php?rest_route=%2Fwp%2Fv2%2Fmedia&parent=28"}],"curies":[{"name":"wp","href":"https:\/\/api.w.org\/{rel}","templated":true}]}}