{"id":31,"date":"2020-01-17T15:26:20","date_gmt":"2020-01-17T15:26:20","guid":{"rendered":"https:\/\/demo.themeisle.com\/neve-web-agency\/?page_id=29"},"modified":"2025-10-30T21:46:56","modified_gmt":"2025-10-30T21:46:56","slug":"300f0-portfolio","status":"publish","type":"page","link":"https:\/\/rantasalmenhautauspalvelu.fi\/?page_id=31","title":{"rendered":"Portfolio"},"content":{"rendered":"\t\t<div data-elementor-type=\"wp-page\" data-elementor-id=\"31\" class=\"elementor elementor-31\">\n\t\t\t\t\t\t<section class=\"elementor-section elementor-top-section elementor-element elementor-element-2e1c32a elementor-section-boxed elementor-section-height-default elementor-section-height-default\" data-id=\"2e1c32a\" data-element_type=\"section\">\n\t\t\t\t\t\t<div class=\"elementor-container elementor-column-gap-default\">\n\t\t\t\t\t<div class=\"elementor-column elementor-col-100 elementor-top-column elementor-element elementor-element-6908381\" data-id=\"6908381\" data-element_type=\"column\">\n\t\t\t<div class=\"elementor-widget-wrap elementor-element-populated\">\n\t\t\t\t\t\t<div class=\"elementor-element elementor-element-839b6d8 elementor-widget elementor-widget-heading\" data-id=\"839b6d8\" data-element_type=\"widget\" data-widget_type=\"heading.default\">\n\t\t\t\t<div class=\"elementor-widget-container\">\n\t\t\t\t\t<h1 class=\"elementor-heading-title elementor-size-default\">Kuvagalleria<\/h1>\t\t\t\t<\/div>\n\t\t\t\t<\/div>\n\t\t\t\t\t<\/div>\n\t\t<\/div>\n\t\t\t\t\t<\/div>\n\t\t<\/section>\n\t\t\t\t<section class=\"elementor-section elementor-top-section elementor-element elementor-element-437f716 elementor-section-boxed elementor-section-height-default elementor-section-height-default\" data-id=\"437f716\" data-element_type=\"section\">\n\t\t\t\t\t\t<div class=\"elementor-container elementor-column-gap-default\">\n\t\t\t\t\t<div class=\"elementor-column elementor-col-100 elementor-top-column elementor-element elementor-element-1c67df2\" data-id=\"1c67df2\" data-element_type=\"column\">\n\t\t\t<div class=\"elementor-widget-wrap elementor-element-populated\">\n\t\t\t\t\t\t<section class=\"elementor-section elementor-inner-section elementor-element elementor-element-9b0c9d8 elementor-section-boxed elementor-section-height-default elementor-section-height-default\" data-id=\"9b0c9d8\" data-element_type=\"section\">\n\t\t\t\t\t\t<div class=\"elementor-container elementor-column-gap-default\">\n\t\t\t\t\t<div class=\"elementor-column elementor-col-100 elementor-inner-column elementor-element elementor-element-94cf662\" data-id=\"94cf662\" data-element_type=\"column\">\n\t\t\t<div class=\"elementor-widget-wrap elementor-element-populated\">\n\t\t\t\t\t\t<div class=\"elementor-element elementor-element-0e65848 elementor-widget elementor-widget-text-editor\" data-id=\"0e65848\" data-element_type=\"widget\" data-widget_type=\"text-editor.default\">\n\t\t\t\t<div class=\"elementor-widget-container\">\n\t\t\t\t\t\t\t\t\t<p>Esimerkkej\u00e4 surusidonnoista. Surusidonnat toteutetaan aina asiakkaan toiveiden mukaisesti. <br \/>Kuvien sidontojen hinnat 80-150 \u20ac, hinta m\u00e4\u00e4r\u00e4ytyy k\u00e4ytettyjen kukkien lajin ja m\u00e4\u00e4r\u00e4n mukaan.<\/p>\t\t\t\t\t\t\t\t<\/div>\n\t\t\t\t<\/div>\n\t\t\t\t\t<\/div>\n\t\t<\/div>\n\t\t\t\t\t<\/div>\n\t\t<\/section>\n\t\t\t\t<div class=\"elementor-element elementor-element-8c7fc38 elementor-widget elementor-widget-image-gallery\" data-id=\"8c7fc38\" data-element_type=\"widget\" data-widget_type=\"image-gallery.default\">\n\t\t\t\t<div class=\"elementor-widget-container\">\n\t\t\t\t\t\t\t<div class=\"elementor-image-gallery\">\n\t\t\t<div id='gallery-1' class='gallery galleryid-31 gallery-columns-4 gallery-size-thumbnail'><figure class='gallery-item'>\n\t\t\t<div class='gallery-icon portrait'>\n\t\t\t\t<a data-elementor-open-lightbox=\"yes\" data-elementor-lightbox-slideshow=\"8c7fc38\" data-elementor-lightbox-title=\"vihko2016_5\" data-e-action-hash=\"#elementor-action%3Aaction%3Dlightbox%26settings%3DeyJpZCI6MTA4LCJ1cmwiOiJodHRwczpcL1wvcmFudGFzYWxtZW5oYXV0YXVzcGFsdmVsdS5maVwvd3AtY29udGVudFwvdXBsb2Fkc1wvMjAyMFwvMDVcL3ZpaGtvMjAxNl81LmpwZyIsInNsaWRlc2hvdyI6IjhjN2ZjMzgifQ%3D%3D\" href='https:\/\/rantasalmenhautauspalvelu.fi\/wp-content\/uploads\/2020\/05\/vihko2016_5.jpg'><img decoding=\"async\" width=\"150\" height=\"150\" src=\"https:\/\/rantasalmenhautauspalvelu.fi\/wp-content\/uploads\/2020\/05\/vihko2016_5-150x150.jpg\" class=\"attachment-thumbnail size-thumbnail\" alt=\"\" \/><\/a>\n\t\t\t<\/div><\/figure><figure class='gallery-item'>\n\t\t\t<div class='gallery-icon portrait'>\n\t\t\t\t<a data-elementor-open-lightbox=\"yes\" data-elementor-lightbox-slideshow=\"8c7fc38\" data-elementor-lightbox-title=\"vihko2016_6\" data-e-action-hash=\"#elementor-action%3Aaction%3Dlightbox%26settings%3DeyJpZCI6MTA5LCJ1cmwiOiJodHRwczpcL1wvcmFudGFzYWxtZW5oYXV0YXVzcGFsdmVsdS5maVwvd3AtY29udGVudFwvdXBsb2Fkc1wvMjAyMFwvMDVcL3ZpaGtvMjAxNl82LmpwZyIsInNsaWRlc2hvdyI6IjhjN2ZjMzgifQ%3D%3D\" href='https:\/\/rantasalmenhautauspalvelu.fi\/wp-content\/uploads\/2020\/05\/vihko2016_6.jpg'><img decoding=\"async\" width=\"150\" height=\"150\" src=\"https:\/\/rantasalmenhautauspalvelu.fi\/wp-content\/uploads\/2020\/05\/vihko2016_6-150x150.jpg\" class=\"attachment-thumbnail size-thumbnail\" alt=\"\" \/><\/a>\n\t\t\t<\/div><\/figure><figure class='gallery-item'>\n\t\t\t<div class='gallery-icon portrait'>\n\t\t\t\t<a data-elementor-open-lightbox=\"yes\" data-elementor-lightbox-slideshow=\"8c7fc38\" data-elementor-lightbox-title=\"vihko2016_8\" data-e-action-hash=\"#elementor-action%3Aaction%3Dlightbox%26settings%3DeyJpZCI6MTEwLCJ1cmwiOiJodHRwczpcL1wvcmFudGFzYWxtZW5oYXV0YXVzcGFsdmVsdS5maVwvd3AtY29udGVudFwvdXBsb2Fkc1wvMjAyMFwvMDVcL3ZpaGtvMjAxNl84LmpwZyIsInNsaWRlc2hvdyI6IjhjN2ZjMzgifQ%3D%3D\" href='https:\/\/rantasalmenhautauspalvelu.fi\/wp-content\/uploads\/2020\/05\/vihko2016_8.jpg'><img decoding=\"async\" width=\"150\" height=\"150\" src=\"https:\/\/rantasalmenhautauspalvelu.fi\/wp-content\/uploads\/2020\/05\/vihko2016_8-150x150.jpg\" class=\"attachment-thumbnail size-thumbnail\" alt=\"\" \/><\/a>\n\t\t\t<\/div><\/figure><figure class='gallery-item'>\n\t\t\t<div class='gallery-icon portrait'>\n\t\t\t\t<a data-elementor-open-lightbox=\"yes\" data-elementor-lightbox-slideshow=\"8c7fc38\" data-elementor-lightbox-title=\"vihko2016_9 (1)\" data-e-action-hash=\"#elementor-action%3Aaction%3Dlightbox%26settings%3DeyJpZCI6MTExLCJ1cmwiOiJodHRwczpcL1wvcmFudGFzYWxtZW5oYXV0YXVzcGFsdmVsdS5maVwvd3AtY29udGVudFwvdXBsb2Fkc1wvMjAyMFwvMDVcL3ZpaGtvMjAxNl85LTEuanBnIiwic2xpZGVzaG93IjoiOGM3ZmMzOCJ9\" href='https:\/\/rantasalmenhautauspalvelu.fi\/wp-content\/uploads\/2020\/05\/vihko2016_9-1.jpg'><img loading=\"lazy\" decoding=\"async\" width=\"150\" height=\"150\" src=\"https:\/\/rantasalmenhautauspalvelu.fi\/wp-content\/uploads\/2020\/05\/vihko2016_9-1-150x150.jpg\" class=\"attachment-thumbnail size-thumbnail\" alt=\"\" \/><\/a>\n\t\t\t<\/div><\/figure><figure class='gallery-item'>\n\t\t\t<div class='gallery-icon portrait'>\n\t\t\t\t<a data-elementor-open-lightbox=\"yes\" data-elementor-lightbox-slideshow=\"8c7fc38\" data-elementor-lightbox-title=\"vihko2016_10\" data-e-action-hash=\"#elementor-action%3Aaction%3Dlightbox%26settings%3DeyJpZCI6MTEzLCJ1cmwiOiJodHRwczpcL1wvcmFudGFzYWxtZW5oYXV0YXVzcGFsdmVsdS5maVwvd3AtY29udGVudFwvdXBsb2Fkc1wvMjAyMFwvMDVcL3ZpaGtvMjAxNl8xMC5qcGciLCJzbGlkZXNob3ciOiI4YzdmYzM4In0%3D\" href='https:\/\/rantasalmenhautauspalvelu.fi\/wp-content\/uploads\/2020\/05\/vihko2016_10.jpg'><img loading=\"lazy\" decoding=\"async\" width=\"150\" height=\"150\" src=\"https:\/\/rantasalmenhautauspalvelu.fi\/wp-content\/uploads\/2020\/05\/vihko2016_10-150x150.jpg\" class=\"attachment-thumbnail size-thumbnail\" alt=\"\" \/><\/a>\n\t\t\t<\/div><\/figure><figure class='gallery-item'>\n\t\t\t<div class='gallery-icon portrait'>\n\t\t\t\t<a data-elementor-open-lightbox=\"yes\" data-elementor-lightbox-slideshow=\"8c7fc38\" data-elementor-lightbox-title=\"vihko2016_11\" data-e-action-hash=\"#elementor-action%3Aaction%3Dlightbox%26settings%3DeyJpZCI6MTE0LCJ1cmwiOiJodHRwczpcL1wvcmFudGFzYWxtZW5oYXV0YXVzcGFsdmVsdS5maVwvd3AtY29udGVudFwvdXBsb2Fkc1wvMjAyMFwvMDVcL3ZpaGtvMjAxNl8xMS5qcGciLCJzbGlkZXNob3ciOiI4YzdmYzM4In0%3D\" href='https:\/\/rantasalmenhautauspalvelu.fi\/wp-content\/uploads\/2020\/05\/vihko2016_11.jpg'><img loading=\"lazy\" decoding=\"async\" width=\"150\" height=\"150\" src=\"https:\/\/rantasalmenhautauspalvelu.fi\/wp-content\/uploads\/2020\/05\/vihko2016_11-150x150.jpg\" class=\"attachment-thumbnail size-thumbnail\" alt=\"\" \/><\/a>\n\t\t\t<\/div><\/figure><figure class='gallery-item'>\n\t\t\t<div class='gallery-icon portrait'>\n\t\t\t\t<a data-elementor-open-lightbox=\"yes\" data-elementor-lightbox-slideshow=\"8c7fc38\" data-elementor-lightbox-title=\"vihko2016_13\" data-e-action-hash=\"#elementor-action%3Aaction%3Dlightbox%26settings%3DeyJpZCI6MTE1LCJ1cmwiOiJodHRwczpcL1wvcmFudGFzYWxtZW5oYXV0YXVzcGFsdmVsdS5maVwvd3AtY29udGVudFwvdXBsb2Fkc1wvMjAyMFwvMDVcL3ZpaGtvMjAxNl8xMy5qcGciLCJzbGlkZXNob3ciOiI4YzdmYzM4In0%3D\" href='https:\/\/rantasalmenhautauspalvelu.fi\/wp-content\/uploads\/2020\/05\/vihko2016_13.jpg'><img loading=\"lazy\" decoding=\"async\" width=\"150\" height=\"150\" src=\"https:\/\/rantasalmenhautauspalvelu.fi\/wp-content\/uploads\/2020\/05\/vihko2016_13-150x150.jpg\" class=\"attachment-thumbnail size-thumbnail\" alt=\"\" \/><\/a>\n\t\t\t<\/div><\/figure><figure class='gallery-item'>\n\t\t\t<div class='gallery-icon portrait'>\n\t\t\t\t<a data-elementor-open-lightbox=\"yes\" data-elementor-lightbox-slideshow=\"8c7fc38\" data-elementor-lightbox-title=\"vihko2016_14\" data-e-action-hash=\"#elementor-action%3Aaction%3Dlightbox%26settings%3DeyJpZCI6MTE2LCJ1cmwiOiJodHRwczpcL1wvcmFudGFzYWxtZW5oYXV0YXVzcGFsdmVsdS5maVwvd3AtY29udGVudFwvdXBsb2Fkc1wvMjAyMFwvMDVcL3ZpaGtvMjAxNl8xNC5qcGciLCJzbGlkZXNob3ciOiI4YzdmYzM4In0%3D\" href='https:\/\/rantasalmenhautauspalvelu.fi\/wp-content\/uploads\/2020\/05\/vihko2016_14.jpg'><img loading=\"lazy\" decoding=\"async\" width=\"150\" height=\"150\" src=\"https:\/\/rantasalmenhautauspalvelu.fi\/wp-content\/uploads\/2020\/05\/vihko2016_14-150x150.jpg\" class=\"attachment-thumbnail size-thumbnail\" alt=\"\" \/><\/a>\n\t\t\t<\/div><\/figure><figure class='gallery-item'>\n\t\t\t<div class='gallery-icon portrait'>\n\t\t\t\t<a data-elementor-open-lightbox=\"yes\" data-elementor-lightbox-slideshow=\"8c7fc38\" data-elementor-lightbox-title=\"vihko2016_15\" data-e-action-hash=\"#elementor-action%3Aaction%3Dlightbox%26settings%3DeyJpZCI6MTE3LCJ1cmwiOiJodHRwczpcL1wvcmFudGFzYWxtZW5oYXV0YXVzcGFsdmVsdS5maVwvd3AtY29udGVudFwvdXBsb2Fkc1wvMjAyMFwvMDVcL3ZpaGtvMjAxNl8xNS5qcGciLCJzbGlkZXNob3ciOiI4YzdmYzM4In0%3D\" href='https:\/\/rantasalmenhautauspalvelu.fi\/wp-content\/uploads\/2020\/05\/vihko2016_15.jpg'><img loading=\"lazy\" decoding=\"async\" width=\"150\" height=\"150\" src=\"https:\/\/rantasalmenhautauspalvelu.fi\/wp-content\/uploads\/2020\/05\/vihko2016_15-150x150.jpg\" class=\"attachment-thumbnail size-thumbnail\" alt=\"\" \/><\/a>\n\t\t\t<\/div><\/figure><figure class='gallery-item'>\n\t\t\t<div class='gallery-icon portrait'>\n\t\t\t\t<a data-elementor-open-lightbox=\"yes\" data-elementor-lightbox-slideshow=\"8c7fc38\" data-elementor-lightbox-title=\"vihko2016_16\" data-e-action-hash=\"#elementor-action%3Aaction%3Dlightbox%26settings%3DeyJpZCI6MTE4LCJ1cmwiOiJodHRwczpcL1wvcmFudGFzYWxtZW5oYXV0YXVzcGFsdmVsdS5maVwvd3AtY29udGVudFwvdXBsb2Fkc1wvMjAyMFwvMDVcL3ZpaGtvMjAxNl8xNi5qcGciLCJzbGlkZXNob3ciOiI4YzdmYzM4In0%3D\" href='https:\/\/rantasalmenhautauspalvelu.fi\/wp-content\/uploads\/2020\/05\/vihko2016_16.jpg'><img loading=\"lazy\" decoding=\"async\" width=\"150\" height=\"150\" src=\"https:\/\/rantasalmenhautauspalvelu.fi\/wp-content\/uploads\/2020\/05\/vihko2016_16-150x150.jpg\" class=\"attachment-thumbnail size-thumbnail\" alt=\"\" \/><\/a>\n\t\t\t<\/div><\/figure><figure class='gallery-item'>\n\t\t\t<div class='gallery-icon portrait'>\n\t\t\t\t<a data-elementor-open-lightbox=\"yes\" data-elementor-lightbox-slideshow=\"8c7fc38\" data-elementor-lightbox-title=\"vihko2016_17\" data-e-action-hash=\"#elementor-action%3Aaction%3Dlightbox%26settings%3DeyJpZCI6MTE5LCJ1cmwiOiJodHRwczpcL1wvcmFudGFzYWxtZW5oYXV0YXVzcGFsdmVsdS5maVwvd3AtY29udGVudFwvdXBsb2Fkc1wvMjAyMFwvMDVcL3ZpaGtvMjAxNl8xNy5qcGciLCJzbGlkZXNob3ciOiI4YzdmYzM4In0%3D\" href='https:\/\/rantasalmenhautauspalvelu.fi\/wp-content\/uploads\/2020\/05\/vihko2016_17.jpg'><img loading=\"lazy\" decoding=\"async\" width=\"150\" height=\"150\" src=\"https:\/\/rantasalmenhautauspalvelu.fi\/wp-content\/uploads\/2020\/05\/vihko2016_17-150x150.jpg\" class=\"attachment-thumbnail size-thumbnail\" alt=\"\" \/><\/a>\n\t\t\t<\/div><\/figure><figure class='gallery-item'>\n\t\t\t<div class='gallery-icon portrait'>\n\t\t\t\t<a data-elementor-open-lightbox=\"yes\" data-elementor-lightbox-slideshow=\"8c7fc38\" data-elementor-lightbox-title=\"vihko2016_18\" data-e-action-hash=\"#elementor-action%3Aaction%3Dlightbox%26settings%3DeyJpZCI6MTIwLCJ1cmwiOiJodHRwczpcL1wvcmFudGFzYWxtZW5oYXV0YXVzcGFsdmVsdS5maVwvd3AtY29udGVudFwvdXBsb2Fkc1wvMjAyMFwvMDVcL3ZpaGtvMjAxNl8xOC5qcGciLCJzbGlkZXNob3ciOiI4YzdmYzM4In0%3D\" href='https:\/\/rantasalmenhautauspalvelu.fi\/wp-content\/uploads\/2020\/05\/vihko2016_18.jpg'><img loading=\"lazy\" decoding=\"async\" width=\"150\" height=\"150\" src=\"https:\/\/rantasalmenhautauspalvelu.fi\/wp-content\/uploads\/2020\/05\/vihko2016_18-150x150.jpg\" class=\"attachment-thumbnail size-thumbnail\" alt=\"\" \/><\/a>\n\t\t\t<\/div><\/figure><figure class='gallery-item'>\n\t\t\t<div class='gallery-icon portrait'>\n\t\t\t\t<a data-elementor-open-lightbox=\"yes\" data-elementor-lightbox-slideshow=\"8c7fc38\" data-elementor-lightbox-title=\"vihko2016_19\" data-e-action-hash=\"#elementor-action%3Aaction%3Dlightbox%26settings%3DeyJpZCI6MTIxLCJ1cmwiOiJodHRwczpcL1wvcmFudGFzYWxtZW5oYXV0YXVzcGFsdmVsdS5maVwvd3AtY29udGVudFwvdXBsb2Fkc1wvMjAyMFwvMDVcL3ZpaGtvMjAxNl8xOS5qcGciLCJzbGlkZXNob3ciOiI4YzdmYzM4In0%3D\" href='https:\/\/rantasalmenhautauspalvelu.fi\/wp-content\/uploads\/2020\/05\/vihko2016_19.jpg'><img loading=\"lazy\" decoding=\"async\" width=\"150\" height=\"150\" src=\"https:\/\/rantasalmenhautauspalvelu.fi\/wp-content\/uploads\/2020\/05\/vihko2016_19-150x150.jpg\" class=\"attachment-thumbnail size-thumbnail\" alt=\"\" \/><\/a>\n\t\t\t<\/div><\/figure><figure class='gallery-item'>\n\t\t\t<div class='gallery-icon portrait'>\n\t\t\t\t<a data-elementor-open-lightbox=\"yes\" data-elementor-lightbox-slideshow=\"8c7fc38\" data-elementor-lightbox-title=\"vihko2016_20\" data-e-action-hash=\"#elementor-action%3Aaction%3Dlightbox%26settings%3DeyJpZCI6MTIyLCJ1cmwiOiJodHRwczpcL1wvcmFudGFzYWxtZW5oYXV0YXVzcGFsdmVsdS5maVwvd3AtY29udGVudFwvdXBsb2Fkc1wvMjAyMFwvMDVcL3ZpaGtvMjAxNl8yMC5qcGciLCJzbGlkZXNob3ciOiI4YzdmYzM4In0%3D\" href='https:\/\/rantasalmenhautauspalvelu.fi\/wp-content\/uploads\/2020\/05\/vihko2016_20.jpg'><img loading=\"lazy\" decoding=\"async\" width=\"150\" height=\"150\" src=\"https:\/\/rantasalmenhautauspalvelu.fi\/wp-content\/uploads\/2020\/05\/vihko2016_20-150x150.jpg\" class=\"attachment-thumbnail size-thumbnail\" alt=\"\" \/><\/a>\n\t\t\t<\/div><\/figure><figure class='gallery-item'>\n\t\t\t<div class='gallery-icon portrait'>\n\t\t\t\t<a data-elementor-open-lightbox=\"yes\" data-elementor-lightbox-slideshow=\"8c7fc38\" data-elementor-lightbox-title=\"vihko10\" data-e-action-hash=\"#elementor-action%3Aaction%3Dlightbox%26settings%3DeyJpZCI6MTI1LCJ1cmwiOiJodHRwczpcL1wvcmFudGFzYWxtZW5oYXV0YXVzcGFsdmVsdS5maVwvd3AtY29udGVudFwvdXBsb2Fkc1wvMjAyMFwvMDVcL3ZpaGtvMTAuanBnIiwic2xpZGVzaG93IjoiOGM3ZmMzOCJ9\" href='https:\/\/rantasalmenhautauspalvelu.fi\/wp-content\/uploads\/2020\/05\/vihko10.jpg'><img loading=\"lazy\" decoding=\"async\" width=\"150\" height=\"150\" src=\"https:\/\/rantasalmenhautauspalvelu.fi\/wp-content\/uploads\/2020\/05\/vihko10-150x150.jpg\" class=\"attachment-thumbnail size-thumbnail\" alt=\"\" \/><\/a>\n\t\t\t<\/div><\/figure><figure class='gallery-item'>\n\t\t\t<div class='gallery-icon portrait'>\n\t\t\t\t<a data-elementor-open-lightbox=\"yes\" data-elementor-lightbox-slideshow=\"8c7fc38\" data-elementor-lightbox-title=\"vihko11\" data-e-action-hash=\"#elementor-action%3Aaction%3Dlightbox%26settings%3DeyJpZCI6MTI2LCJ1cmwiOiJodHRwczpcL1wvcmFudGFzYWxtZW5oYXV0YXVzcGFsdmVsdS5maVwvd3AtY29udGVudFwvdXBsb2Fkc1wvMjAyMFwvMDVcL3ZpaGtvMTEuanBnIiwic2xpZGVzaG93IjoiOGM3ZmMzOCJ9\" href='https:\/\/rantasalmenhautauspalvelu.fi\/wp-content\/uploads\/2020\/05\/vihko11.jpg'><img loading=\"lazy\" decoding=\"async\" width=\"150\" height=\"150\" src=\"https:\/\/rantasalmenhautauspalvelu.fi\/wp-content\/uploads\/2020\/05\/vihko11-150x150.jpg\" class=\"attachment-thumbnail size-thumbnail\" alt=\"\" \/><\/a>\n\t\t\t<\/div><\/figure>\n\t\t<\/div>\n\t\t<\/div>\n\t\t\t\t\t\t<\/div>\n\t\t\t\t<\/div>\n\t\t\t\t\t<\/div>\n\t\t<\/div>\n\t\t\t\t\t<\/div>\n\t\t<\/section>\n\t\t\t\t<section class=\"elementor-section elementor-top-section elementor-element elementor-element-e16e935 elementor-section-boxed elementor-section-height-default elementor-section-height-default\" data-id=\"e16e935\" data-element_type=\"section\" data-settings=\"{&quot;background_background&quot;:&quot;classic&quot;}\">\n\t\t\t\t\t\t<div class=\"elementor-container elementor-column-gap-default\">\n\t\t\t\t\t<div class=\"elementor-column elementor-col-100 elementor-top-column elementor-element elementor-element-78384c9\" data-id=\"78384c9\" data-element_type=\"column\">\n\t\t\t<div class=\"elementor-widget-wrap elementor-element-populated\">\n\t\t\t\t\t\t<div class=\"elementor-element elementor-element-459211b elementor-widget elementor-widget-heading\" data-id=\"459211b\" data-element_type=\"widget\" data-widget_type=\"heading.default\">\n\t\t\t\t<div class=\"elementor-widget-container\">\n\t\t\t\t\t<h2 class=\"elementor-heading-title elementor-size-default\">Ota yhteytt\u00e4!<\/h2>\t\t\t\t<\/div>\n\t\t\t\t<\/div>\n\t\t\t\t<div class=\"elementor-element elementor-element-3e21040 elementor-widget elementor-widget-text-editor\" data-id=\"3e21040\" data-element_type=\"widget\" data-widget_type=\"text-editor.default\">\n\t\t\t\t<div class=\"elementor-widget-container\">\n\t\t\t\t\t\t\t\t\t<p>Puh. 0400 834 049<\/p><p>tuija(at)rantasalmenhautauspalvelu.fi<\/p>\t\t\t\t\t\t\t\t<\/div>\n\t\t\t\t<\/div>\n\t\t\t\t\t<\/div>\n\t\t<\/div>\n\t\t\t\t\t<\/div>\n\t\t<\/section>\n\t\t\t\t<\/div>\n\t\t","protected":false},"excerpt":{"rendered":"<p>Kuvagalleria Esimerkkej\u00e4 surusidonnoista. Surusidonnat toteutetaan aina asiakkaan toiveiden mukaisesti. Kuvien sidontojen hinnat 80-150 \u20ac, hinta m\u00e4\u00e4r\u00e4ytyy k\u00e4ytettyjen kukkien lajin ja m\u00e4\u00e4r\u00e4n mukaan. Ota yhteytt\u00e4! Puh. 0400 834 049 tuija(at)rantasalmenhautauspalvelu.fi<\/p>\n","protected":false},"author":1,"featured_media":0,"parent":0,"menu_order":0,"comment_status":"closed","ping_status":"closed","template":"elementor_header_footer","meta":{"neve_meta_sidebar":"full-width","neve_meta_container":"","neve_meta_enable_content_width":"on","neve_meta_content_width":100,"neve_meta_title_alignment":"","neve_meta_author_avatar":"","neve_post_elements_order":"","neve_meta_disable_header":"","neve_meta_disable_footer":"","neve_meta_disable_title":"","footnotes":""},"class_list":["post-31","page","type-page","status-publish","hentry"],"_links":{"self":[{"href":"https:\/\/rantasalmenhautauspalvelu.fi\/index.php?rest_route=\/wp\/v2\/pages\/31","targetHints":{"allow":["GET"]}}],"collection":[{"href":"https:\/\/rantasalmenhautauspalvelu.fi\/index.php?rest_route=\/wp\/v2\/pages"}],"about":[{"href":"https:\/\/rantasalmenhautauspalvelu.fi\/index.php?rest_route=\/wp\/v2\/types\/page"}],"author":[{"embeddable":true,"href":"https:\/\/rantasalmenhautauspalvelu.fi\/index.php?rest_route=\/wp\/v2\/users\/1"}],"replies":[{"embeddable":true,"href":"https:\/\/rantasalmenhautauspalvelu.fi\/index.php?rest_route=%2Fwp%2Fv2%2Fcomments&post=31"}],"version-history":[{"count":12,"href":"https:\/\/rantasalmenhautauspalvelu.fi\/index.php?rest_route=\/wp\/v2\/pages\/31\/revisions"}],"predecessor-version":[{"id":156,"href":"https:\/\/rantasalmenhautauspalvelu.fi\/index.php?rest_route=\/wp\/v2\/pages\/31\/revisions\/156"}],"wp:attachment":[{"href":"https:\/\/rantasalmenhautauspalvelu.fi\/index.php?rest_route=%2Fwp%2Fv2%2Fmedia&parent=31"}],"curies":[{"name":"wp","href":"https:\/\/api.w.org\/{rel}","templated":true}]}}